{"id":755,"date":"2019-11-07T15:24:35","date_gmt":"2019-11-07T15:24:35","guid":{"rendered":"https:\/\/www.theskeye.com\/politica-de-cookies\/"},"modified":"2019-12-10T12:54:44","modified_gmt":"2019-12-10T12:54:44","slug":"politica-de-cookies","status":"publish","type":"page","link":"https:\/\/www.theskeye.com\/ca\/politica-de-cookies\/","title":{"rendered":"Pol\u00edtica de Cookies"},"content":{"rendered":"[vc_row type=&#8221;full_width_background&#8221; full_screen_row_position=&#8221;middle&#8221; column_margin=&#8221;default&#8221; bg_color=&#8221;#00539c&#8221; scene_position=&#8221;center&#8221; text_color=&#8221;light&#8221; text_align=&#8221;left&#8221; top_padding=&#8221;12%&#8221; bottom_padding=&#8221;6%&#8221; overlay_strength=&#8221;0.3&#8243; shape_divider_position=&#8221;bottom&#8221; bg_image_animation=&#8221;none&#8221; shape_type=&#8221;&#8221;][vc_column centered_text=&#8221;true&#8221; column_padding=&#8221;no-extra-padding&#8221; column_padding_position=&#8221;all&#8221; background_color_opacity=&#8221;1&#8243; background_hover_color_opacity=&#8221;1&#8243; column_link_target=&#8221;_self&#8221; column_shadow=&#8221;none&#8221; column_border_radius=&#8221;none&#8221; width=&#8221;1\/1&#8243; tablet_width_inherit=&#8221;default&#8221; tablet_text_alignment=&#8221;default&#8221; phone_text_alignment=&#8221;default&#8221; overlay_strength=&#8221;0.3&#8243; column_border_width=&#8221;none&#8221; column_border_style=&#8221;solid&#8221; bg_image_animation=&#8221;none&#8221; enable_animation=&#8221;true&#8221; animation=&#8221;fade-in-from-bottom&#8221;][vc_column_text]\n<h1>Pol\u00edtica de Cookies<\/h1>\n[\/vc_column_text][\/vc_column][\/vc_row][vc_row type=&#8221;full_width_background&#8221; full_screen_row_position=&#8221;middle&#8221; column_margin=&#8221;default&#8221; scene_position=&#8221;center&#8221; text_color=&#8221;dark&#8221; text_align=&#8221;left&#8221; top_padding=&#8221;6%&#8221; bottom_padding=&#8221;8%&#8221; overlay_strength=&#8221;0.3&#8243; shape_divider_position=&#8221;bottom&#8221; bg_image_animation=&#8221;none&#8221; shape_type=&#8221;&#8221;][vc_column column_padding=&#8221;no-extra-padding&#8221; column_padding_position=&#8221;all&#8221; background_color_opacity=&#8221;1&#8243; background_hover_color_opacity=&#8221;1&#8243; column_link_target=&#8221;_self&#8221; column_shadow=&#8221;none&#8221; column_border_radius=&#8221;none&#8221; width=&#8221;1\/6&#8243; tablet_width_inherit=&#8221;default&#8221; tablet_text_alignment=&#8221;default&#8221; phone_text_alignment=&#8221;default&#8221; overlay_strength=&#8221;0.3&#8243; column_border_width=&#8221;none&#8221; column_border_style=&#8221;solid&#8221; bg_image_animation=&#8221;none&#8221;][\/vc_column][vc_column column_padding=&#8221;no-extra-padding&#8221; column_padding_position=&#8221;all&#8221; background_color_opacity=&#8221;1&#8243; background_hover_color_opacity=&#8221;1&#8243; column_link_target=&#8221;_self&#8221; column_shadow=&#8221;none&#8221; column_border_radius=&#8221;none&#8221; width=&#8221;2\/3&#8243; tablet_width_inherit=&#8221;default&#8221; tablet_text_alignment=&#8221;default&#8221; phone_text_alignment=&#8221;default&#8221; overlay_strength=&#8221;0.3&#8243; column_border_width=&#8221;none&#8221; column_border_style=&#8221;solid&#8221; bg_image_animation=&#8221;none&#8221; enable_animation=&#8221;true&#8221; animation=&#8221;fade-in-from-bottom&#8221;][vc_column_text]En compliment amb el deure d&#8217;informaci\u00f3 recollit en l&#8217;apartat 2n de l&#8217;article 22 de la Llei 34\/2002, d&#8217;11 de Juliol, de Serveis de la Societat de la Informaci\u00f3 i del Comer\u00e7 Electr\u00f2nic, la present pol\u00edtica de cookies t\u00e9 per finalitat informar-lo de manera clara i precisa sobre les cookies que s&#8217;utilitzen en la p\u00e0gina web de The Skeye.[\/vc_column_text][divider line_type=&#8221;No Line&#8221; custom_height=&#8221;20&#8243;][vc_column_text]\n<h2 style=\"color: #00539c;\">Qu\u00e8 s\u00f3n les cookies?<\/h2>\n[\/vc_column_text][vc_column_text]Una cookie \u00e9s un fitxer de petita grand\u00e0ria que els llocs web envien al navegador i es descarreguen en el seu ordinador. Les cookies permeten que la p\u00e0gina web emmagatzemi i recuperi la informaci\u00f3 sobre la seva visita, com el seu idioma preferit i altres opcions, amb el n de millorar els serveis que s&#8217;ofereixen i contribuir a tenir una millor experi\u00e8ncia de navegaci\u00f3 per a l&#8217;usuari.[\/vc_column_text][divider line_type=&#8221;No Line&#8221; custom_height=&#8221;20&#8243;][vc_column_text]\n<h2 style=\"color: #00539c;\">Autoritzaci\u00f3 per a l&#8217;\u00fas de cookies<\/h2>\n[\/vc_column_text][vc_column_text]De conformitat amb l&#8217;av\u00eds de cookies que apareix en el lloc web, l&#8217;usuari accepta que, en navegar per aquest, consent expressament l&#8217;\u00fas de cookies segons la descripci\u00f3 que a continuaci\u00f3 es detalla, sense perjudici que l&#8217;usuari pugui modificar la configuraci\u00f3 del seu navegador per a rebutjar l&#8217;\u00fas de les cookies.[\/vc_column_text][divider line_type=&#8221;No Line&#8221; custom_height=&#8221;20&#8243;][vc_column_text]\n<h2 style=\"color: #00539c;\">Tipus de cookies<\/h2>\n[\/vc_column_text][vc_column_text]En funci\u00f3 de qui gestioni el domini des d&#8217;on s&#8217;envien les cookies i es tractin les dades, es distingir\u00e0 entre cookies pr\u00f2pies i cookies de tercers.<br \/>\nLes cookies tamb\u00e9 poden classificar-se segons el termini de temps que romanguin emmagatzemades en el navegador de l&#8217;usuari, distingint-se entre cookies de sessi\u00f3 o cookies persistents.<br \/>\nFinalment, en funci\u00f3 de la finalitat per a la qual es tracti la informaci\u00f3 recopilada, les cookies es poden classificar en les seg\u00fcents categories:<\/p>\n<ul>\n<li>Cookies t\u00e8cniques: permeten a l&#8217;usuari navegar per un lloc web i utilitzar alguns dels serveis oferts pel mateix (com per exemple, les que serveixen per a recordar els elements integrants d&#8217;un carret de compra).<\/li>\n<li>Cookies de personalitzaci\u00f3: permeten que l&#8217;usuari accedeixi al lloc web amb unes caracter\u00edstiques determinades, com pot ser l&#8217;idioma.<\/li>\n<li>Cookies de seguretat: serveixen per a impedir o dificultar els atacs contra el lloc web.<\/li>\n<li>Cookies de complement per a intercanviar continguts socials: els anomenats plug-in, que permeten compartir continguts en xarxes socials.<\/li>\n<li>Cookies d&#8217;an\u00e0lisis: permeten al responsable el seguiment del comportament de l&#8217;usuari.<\/li>\n<li>Cookies publicit\u00e0ries: permeten gestionar els espais de publicitat del lloc web.<\/li>\n<li>Cookies de publicitat comportamental: com les anteriors, serveixen per a gestionar els espais de publicitat del lloc web en funci\u00f3 de la informaci\u00f3 recollida sobre el comportament de l&#8217;usuari i els seus h\u00e0bits, adaptant la publicitat al perfil de l&#8217;usuari.<\/li>\n<li>Cookies de geolocalitzaci\u00f3: utilitzades per a esbrinar el pa\u00eds on es troba l\u2019usuari.<\/li>\n<\/ul>\n[\/vc_column_text][divider line_type=&#8221;No Line&#8221; custom_height=&#8221;20&#8243;][vc_column_text]\n<h2 style=\"color: #00539c;\">Com modificar la configuraci\u00f3 de les cookies<\/h2>\n[\/vc_column_text][vc_column_text]Vost\u00e8 pot restringir, bloquejar o esborrar les cookies de The Skeye o qualsevol altra p\u00e0gina web utilitzant el seu navegador. En cada navegador l&#8217;operativa \u00e9s diferent, pot trobar com fer-ho en el men\u00fa d&#8217;ajuda del seu navegador on s&#8217;estableix el procediment per a la seva eliminaci\u00f3. Per a m\u00e9s informaci\u00f3::<\/p>\n<ul>\n<li>Google Chrome: <a href=\"https:\/\/support.google.com\/chrome\/answer\/95647?co=GENIE.Platform%3DDesktop&amp;hl=es\" target=\"_blank\" rel=\"noopener noreferrer\">https:\/\/support.google.com\/chrome\/answer\/95647?co=GENIE.Platform%3DDesktop&amp;hl=es<\/a><\/li>\n<li>Mozilla Firefox: <a href=\"https:\/\/support.google.com\/chrome\/answer\/95647?co=GENIE.Platform%3DDesktop&amp;hl=es\" target=\"_blank\" rel=\"noopener noreferrer\">https:\/\/support.mozilla.org\/es\/kb\/habilitar-y-deshabilitar-cookies-sitios-web-rastrear-preferencias<\/a><\/li>\n<li>Safari: <a href=\"https:\/\/support.google.com\/chrome\/answer\/95647?co=GENIE.Platform%3DDesktop&amp;hl=es\" target=\"_blank\" rel=\"noopener noreferrer\">https:\/\/support.apple.com\/es-es\/guide\/safari\/sfri11471\/mac<\/a><\/li>\n<li>Internet Explorer: <a href=\"https:\/\/support.google.com\/chrome\/answer\/95647?co=GENIE.Platform%3DDesktop&amp;hl=es\" target=\"_blank\" rel=\"noopener noreferrer\">https:\/\/support.microsoft.com\/es-es\/help\/278835\/how-to-delete-cookie- les-in-internet-explorer<\/a><\/li>\n<\/ul>\n<p>\u00c9s possible que en deshabilitar les cookies la p\u00e0gina web no funcioni correctament o no pugui accedir a determinades funcions d&#8217;aquesta.[\/vc_column_text][divider line_type=&#8221;No Line&#8221; custom_height=&#8221;20&#8243;][vc_column_text]\n<h2 style=\"color: #00539c;\">Cookies utilitzades en la web<\/h2>\n[\/vc_column_text][vc_column_text]En el portal web s&#8217;utilitzen diferents tipus de cookies amb diferents finalitats, a continuaci\u00f3 s&#8217;enumeren les cookies emprades:<br \/>\nEn el portal web se utilizan diferentes tipos de cookies con distintas finalidades, a continuaci\u00f3n se enumeran las cookies empleadas:<\/p>\n<table width=\"100%\">\n<tbody>\n<tr>\n<td width=\"16%\">Nom<\/td>\n<td width=\"20%\">Valor<\/td>\n<td width=\"16%\">Domini<\/td>\n<td width=\"16%\">Ruta<\/td>\n<td width=\"16%\">Expiraci\u00f3<\/td>\n<td width=\"16%\">Tamany<\/td>\n<\/tr>\n<tr>\n<td>_ga<\/td>\n<td>GA1.2.1796932657.1575974664<\/td>\n<td>.theskeye.com<\/td>\n<td>\/<\/td>\n<td>2021-12-09T11:49:37.000Z<\/td>\n<td>30<\/td>\n<\/tr>\n<tr>\n<td>_gat<\/td>\n<td>1<\/td>\n<td>.theskeye.com<\/td>\n<td>\/<\/td>\n<td>2019-12-10T11:50:30.000Z<\/td>\n<td>5<\/td>\n<\/tr>\n<tr>\n<td>_gid<\/td>\n<td>GA1.2.1332675352.1575974664<\/td>\n<td>.theskeye.com<\/td>\n<td>\/<\/td>\n<td>2019-12-11T11:49:37.000Z<\/td>\n<td>31<\/td>\n<\/tr>\n<tr>\n<td>IDE<\/td>\n<td>AHWqTUnh9nozQrfk5ry15tUNgeYuO_<br \/>\nakcwwEiYmNEkzhWKOh4AQ7nFQ_6wiwg8W3<\/td>\n<td>.doubleclick.net<\/td>\n<td>\/<\/td>\n<td>2021-01-03T11:07:05.922Z<\/td>\n<td>67<\/td>\n<\/tr>\n<tr>\n<td>AR<\/td>\n<td>2019-12-10-11<\/td>\n<td>.google.com<\/td>\n<td>\/<\/td>\n<td>2020-01-09T11:21:46.000Z<\/td>\n<td>19<\/td>\n<\/tr>\n<tr>\n<td>APISID<\/td>\n<td>B6bXL9efJRYhSyT_\/AG_T4LU0DfHckfpbl<\/td>\n<td>.google.com<\/td>\n<td>\/<\/td>\n<td>2021-12-09T10:44:17.859Z<\/td>\n<td>40<\/td>\n<\/tr>\n<tr>\n<td>HSID<\/td>\n<td>Az-1jmtfzfWNeX2I3<\/td>\n<td>.google.com<\/td>\n<td>\/<\/td>\n<td>2021-12-09T10:44:17.859Z<\/td>\n<td>21<\/td>\n<\/tr>\n<tr>\n<td>NID<\/td>\n<td>193=Qg-ungv9JhThFpDZCvtIqroJj3Sq-_<br \/>\nBDKX24RTY5Nyn5bzcFWC-wraekqjR<br \/>\nyLO7S0mIXq0jg7X7CRrxs8OX<br \/>\n10EfJsKQrvRDLttGYeHAutyhnHJuXW7Rv<br \/>\nH9OJYASiawhS_G1MUVXS1q1UdOYrvmzW<br \/>\nJPPQmMwvQ76s1zwAzd8wnfEM0SsZY<br \/>\nbLd5gFI050uGo4da2dmZlgjZXf7pIhQPSbyxA<\/td>\n<td>.google.com<\/td>\n<td>\/<\/td>\n<td>2020-06-10T10:48:24.678Z<\/td>\n<td>221<\/td>\n<\/tr>\n<tr>\n<td>SAPISID<\/td>\n<td>snwhDX4105GPIp2x\/AlkFdXq_OOmc2JP9Z<\/td>\n<td>.google.com<\/td>\n<td>\/<\/td>\n<td>2021-12-09T10:44:17.859Z<\/td>\n<td>41<\/td>\n<\/tr>\n<tr>\n<td>SID<\/td>\n<td>rQdkVw2a6qHd7AO0LwSrb99_nSmBcgbreCr<br \/>\nI6dVYSKmZrF2E_2uMDJ_8JcQ7fB-iim7Jog.<\/td>\n<td>.google.com<\/td>\n<td>\/<\/td>\n<td>2021-12-09T10:44:17.859Z<\/td>\n<td>74<\/td>\n<\/tr>\n<tr>\n<td>SIDCC<\/td>\n<td>AN0-TYv-_dFvxH3sca-oaJc5u_m_tW6WSlz6s6ZI9kQOSGzsC2hhp<br \/>\n34v3MqgBI14rGpkm2PcNxI<\/td>\n<td>.google.com<\/td>\n<td>\/<\/td>\n<td>2020-03-09T11:53:30.203Z<\/td>\n<td>80<\/td>\n<\/tr>\n<tr>\n<td>SSID<\/td>\n<td>AdcZ48H_bhFR60OR5<\/td>\n<td>.google.com<\/td>\n<td>\/<\/td>\n<td>2021-12-09T10:44:17.859Z<\/td>\n<td>21<\/td>\n<\/tr>\n<\/tbody>\n<\/table>\n[\/vc_column_text][divider line_type=&#8221;No Line&#8221; custom_height=&#8221;20&#8243;][vc_column_text]\n<h2 style=\"color: #00539c;\">Modificaci\u00f3 de les condicions<\/h2>\n[\/vc_column_text][vc_column_text]The Skeye es reserva expressament el dret a modificar unilateralment, totalment o parcialment, sense necessitat de previ av\u00eds, la present Pol\u00edtica de Cookies. L&#8217;usuari reconeix i accepta que \u00e9s la seva responsabilitat revisar la present Pol\u00edtica de Cookies.[\/vc_column_text][\/vc_column][vc_column column_padding=&#8221;no-extra-padding&#8221; column_padding_position=&#8221;all&#8221; background_color_opacity=&#8221;1&#8243; background_hover_color_opacity=&#8221;1&#8243; column_link_target=&#8221;_self&#8221; column_shadow=&#8221;none&#8221; column_border_radius=&#8221;none&#8221; width=&#8221;1\/6&#8243; tablet_width_inherit=&#8221;default&#8221; tablet_text_alignment=&#8221;default&#8221; phone_text_alignment=&#8221;default&#8221; overlay_strength=&#8221;0.3&#8243; column_border_width=&#8221;none&#8221; column_border_style=&#8221;solid&#8221; bg_image_animation=&#8221;none&#8221;][\/vc_column][\/vc_row][vc_row type=&#8221;full_width_background&#8221; full_screen_row_position=&#8221;middle&#8221; column_margin=&#8221;default&#8221; bg_color=&#8221;#232323&#8243; scene_position=&#8221;center&#8221; text_color=&#8221;dark&#8221; text_align=&#8221;left&#8221; class=&#8221;newsletter-footer&#8221; overlay_strength=&#8221;0.3&#8243; shape_divider_position=&#8221;bottom&#8221; bg_image_animation=&#8221;none&#8221; shape_type=&#8221;&#8221;][vc_column column_padding=&#8221;no-extra-padding&#8221; column_padding_position=&#8221;all&#8221; background_color_opacity=&#8221;1&#8243; background_hover_color_opacity=&#8221;1&#8243; column_link_target=&#8221;_self&#8221; column_shadow=&#8221;none&#8221; column_border_radius=&#8221;none&#8221; width=&#8221;1\/1&#8243; tablet_width_inherit=&#8221;default&#8221; tablet_text_alignment=&#8221;default&#8221; phone_text_alignment=&#8221;default&#8221; overlay_strength=&#8221;0.3&#8243; column_border_width=&#8221;none&#8221; column_border_style=&#8221;solid&#8221; bg_image_animation=&#8221;none&#8221;][vc_row_inner equal_height=&#8221;yes&#8221; content_placement=&#8221;middle&#8221; column_margin=&#8221;default&#8221; top_padding=&#8221;6%&#8221; bottom_padding=&#8221;5%&#8221; text_align=&#8221;left&#8221; css=&#8221;.vc_custom_1575378967107{border-bottom-width: 1px !important;border-bottom-color: #828282 !important;}&#8221;][vc_column_inner column_padding=&#8221;no-extra-padding&#8221; column_padding_position=&#8221;all&#8221; background_color_opacity=&#8221;1&#8243; background_hover_color_opacity=&#8221;1&#8243; column_shadow=&#8221;none&#8221; column_border_radius=&#8221;none&#8221; column_link_target=&#8221;_self&#8221; width=&#8221;1\/2&#8243; tablet_width_inherit=&#8221;default&#8221; overlay_strength=&#8221;0.3&#8243; column_border_width=&#8221;none&#8221; column_border_style=&#8221;solid&#8221; bg_image_animation=&#8221;none&#8221;][vc_column_text]\n<h2 style=\"color: #ffffff;\">Subscriu-te a la nostra newsletter per rebre m\u00e9s informaci\u00f3 sobre ofertes i molt m\u00e9s.<\/h2>\n[\/vc_column_text][\/vc_column_inner][vc_column_inner column_padding=&#8221;no-extra-padding&#8221; column_padding_position=&#8221;all&#8221; background_color_opacity=&#8221;1&#8243; background_hover_color_opacity=&#8221;1&#8243; column_shadow=&#8221;none&#8221; column_border_radius=&#8221;none&#8221; column_link_target=&#8221;_self&#8221; width=&#8221;1\/2&#8243; tablet_width_inherit=&#8221;default&#8221; overlay_strength=&#8221;0.3&#8243; column_border_width=&#8221;none&#8221; column_border_style=&#8221;solid&#8221; bg_image_animation=&#8221;none&#8221;][vc_raw_html]JTNDZGl2JTIwY2xhc3MlM0QlMjJuZXdzbGV0dGVyJTIyJTNFJTBBJTA5JTVCY29udGFjdC1mb3JtLTclMjBpZCUzRCUyMjE2NTAlMjIlMjB0aXRsZSUzRCUyMk5ld3NsZXR0ZXIlMjBDQSUyMiU1RCUwQSUzQyUyRmRpdiUzRQ==[\/vc_raw_html][\/vc_column_inner][\/vc_row_inner][vc_raw_html]JTNDZGl2JTIwc3R5bGUlM0QlMjJib3JkZXItdG9wJTNBJTIwMXB4JTIwc29saWQlMjBncmV5JTNCJTIyJTNFJTNDJTJGZGl2JTNF[\/vc_raw_html][\/vc_column][\/vc_row]\n","protected":false},"excerpt":{"rendered":"<p>[vc_row type=&#8221;full_width_background&#8221; full_screen_row_position=&#8221;middle&#8221; column_margin=&#8221;default&#8221; bg_color=&#8221;#00539c&#8221; scene_position=&#8221;center&#8221; text_color=&#8221;light&#8221; text_align=&#8221;left&#8221; top_padding=&#8221;12%&#8221; bottom_padding=&#8221;6%&#8221; overlay_strength=&#8221;0.3&#8243; shape_divider_position=&#8221;bottom&#8221; bg_image_animation=&#8221;none&#8221; shape_type=&#8221;&#8221;][vc_column centered_text=&#8221;true&#8221; column_padding=&#8221;no-extra-padding&#8221; column_padding_position=&#8221;all&#8221; background_color_opacity=&#8221;1&#8243; background_hover_color_opacity=&#8221;1&#8243; column_link_target=&#8221;_self&#8221; column_shadow=&#8221;none&#8221; column_border_radius=&#8221;none&#8221; width=&#8221;1\/1&#8243; tablet_width_inherit=&#8221;default&#8221; tablet_text_alignment=&#8221;default&#8221; phone_text_alignment=&#8221;default&#8221; overlay_strength=&#8221;0.3&#8243; column_border_width=&#8221;none&#8221; column_border_style=&#8221;solid&#8221; bg_image_animation=&#8221;none&#8221;&#8230;<\/p>\n","protected":false},"author":11,"featured_media":0,"parent":0,"menu_order":0,"comment_status":"closed","ping_status":"closed","template":"","meta":{"footnotes":""},"categories":[],"tags":[],"class_list":["post-755","page","type-page","status-publish"],"yoast_head":"<!-- This site is optimized with the Yoast SEO plugin v25.6 - https:\/\/yoast.com\/wordpress\/plugins\/seo\/ -->\n<title>Pol\u00edtica de Cookies - The Skeye<\/title>\n<meta name=\"robots\" content=\"index, follow, max-snippet:-1, max-image-preview:large, max-video-preview:-1\" \/>\n<link rel=\"canonical\" href=\"https:\/\/www.theskeye.com\/ca\/politica-de-cookies\/\" \/>\n<meta property=\"og:locale\" content=\"ca_ES\" \/>\n<meta property=\"og:type\" content=\"article\" \/>\n<meta property=\"og:title\" content=\"Pol\u00edtica de Cookies - The Skeye\" \/>\n<meta property=\"og:description\" content=\"[vc_row type=&#8221;full_width_background&#8221; full_screen_row_position=&#8221;middle&#8221; column_margin=&#8221;default&#8221; bg_color=&#8221;#00539c&#8221; scene_position=&#8221;center&#8221; text_color=&#8221;light&#8221; text_align=&#8221;left&#8221; top_padding=&#8221;12%&#8221; bottom_padding=&#8221;6%&#8221; overlay_strength=&#8221;0.3&#8243; shape_divider_position=&#8221;bottom&#8221; bg_image_animation=&#8221;none&#8221; shape_type=&#8221;&#8221;][vc_column centered_text=&#8221;true&#8221; column_padding=&#8221;no-extra-padding&#8221; column_padding_position=&#8221;all&#8221; background_color_opacity=&#8221;1&#8243; background_hover_color_opacity=&#8221;1&#8243; column_link_target=&#8221;_self&#8221; column_shadow=&#8221;none&#8221; column_border_radius=&#8221;none&#8221; width=&#8221;1\/1&#8243; tablet_width_inherit=&#8221;default&#8221; tablet_text_alignment=&#8221;default&#8221; phone_text_alignment=&#8221;default&#8221; overlay_strength=&#8221;0.3&#8243; column_border_width=&#8221;none&#8221; column_border_style=&#8221;solid&#8221; bg_image_animation=&#8221;none&#8221;...\" \/>\n<meta property=\"og:url\" content=\"https:\/\/www.theskeye.com\/ca\/politica-de-cookies\/\" \/>\n<meta property=\"og:site_name\" content=\"The Skeye\" \/>\n<meta property=\"article:modified_time\" content=\"2019-12-10T12:54:44+00:00\" \/>\n<meta name=\"twitter:card\" content=\"summary_large_image\" \/>\n<meta name=\"twitter:label1\" content=\"Temps estimat de lectura\" \/>\n\t<meta name=\"twitter:data1\" content=\"8 minuts\" \/>\n<script type=\"application\/ld+json\" class=\"yoast-schema-graph\">{\"@context\":\"https:\/\/schema.org\",\"@graph\":[{\"@type\":\"WebPage\",\"@id\":\"https:\/\/www.theskeye.com\/ca\/politica-de-cookies\/\",\"url\":\"https:\/\/www.theskeye.com\/ca\/politica-de-cookies\/\",\"name\":\"Pol\u00edtica de Cookies - The Skeye\",\"isPartOf\":{\"@id\":\"https:\/\/www.theskeye.com\/#website\"},\"datePublished\":\"2019-11-07T15:24:35+00:00\",\"dateModified\":\"2019-12-10T12:54:44+00:00\",\"breadcrumb\":{\"@id\":\"https:\/\/www.theskeye.com\/ca\/politica-de-cookies\/#breadcrumb\"},\"inLanguage\":\"ca\",\"potentialAction\":[{\"@type\":\"ReadAction\",\"target\":[\"https:\/\/www.theskeye.com\/ca\/politica-de-cookies\/\"]}]},{\"@type\":\"BreadcrumbList\",\"@id\":\"https:\/\/www.theskeye.com\/ca\/politica-de-cookies\/#breadcrumb\",\"itemListElement\":[{\"@type\":\"ListItem\",\"position\":1,\"name\":\"Inicio\",\"item\":\"https:\/\/www.theskeye.com\/ca\/homepage\/\"},{\"@type\":\"ListItem\",\"position\":2,\"name\":\"Pol\u00edtica de Cookies\"}]},{\"@type\":\"WebSite\",\"@id\":\"https:\/\/www.theskeye.com\/#website\",\"url\":\"https:\/\/www.theskeye.com\/\",\"name\":\"The Skeye\",\"description\":\"Consultora boutique que ofrece servicio de alto valor a\u00f1adido vinculados a la direcci\u00f3n estrat\u00e9gica y la direcci\u00f3n de personas\",\"potentialAction\":[{\"@type\":\"SearchAction\",\"target\":{\"@type\":\"EntryPoint\",\"urlTemplate\":\"https:\/\/www.theskeye.com\/?s={search_term_string}\"},\"query-input\":{\"@type\":\"PropertyValueSpecification\",\"valueRequired\":true,\"valueName\":\"search_term_string\"}}],\"inLanguage\":\"ca\"}]}<\/script>\n<!-- \/ Yoast SEO plugin. -->","yoast_head_json":{"title":"Pol\u00edtica de Cookies - The Skeye","robots":{"index":"index","follow":"follow","max-snippet":"max-snippet:-1","max-image-preview":"max-image-preview:large","max-video-preview":"max-video-preview:-1"},"canonical":"https:\/\/www.theskeye.com\/ca\/politica-de-cookies\/","og_locale":"ca_ES","og_type":"article","og_title":"Pol\u00edtica de Cookies - The Skeye","og_description":"[vc_row type=&#8221;full_width_background&#8221; full_screen_row_position=&#8221;middle&#8221; column_margin=&#8221;default&#8221; bg_color=&#8221;#00539c&#8221; scene_position=&#8221;center&#8221; text_color=&#8221;light&#8221; text_align=&#8221;left&#8221; top_padding=&#8221;12%&#8221; bottom_padding=&#8221;6%&#8221; overlay_strength=&#8221;0.3&#8243; shape_divider_position=&#8221;bottom&#8221; bg_image_animation=&#8221;none&#8221; shape_type=&#8221;&#8221;][vc_column centered_text=&#8221;true&#8221; column_padding=&#8221;no-extra-padding&#8221; column_padding_position=&#8221;all&#8221; background_color_opacity=&#8221;1&#8243; background_hover_color_opacity=&#8221;1&#8243; column_link_target=&#8221;_self&#8221; column_shadow=&#8221;none&#8221; column_border_radius=&#8221;none&#8221; width=&#8221;1\/1&#8243; tablet_width_inherit=&#8221;default&#8221; tablet_text_alignment=&#8221;default&#8221; phone_text_alignment=&#8221;default&#8221; overlay_strength=&#8221;0.3&#8243; column_border_width=&#8221;none&#8221; column_border_style=&#8221;solid&#8221; bg_image_animation=&#8221;none&#8221;...","og_url":"https:\/\/www.theskeye.com\/ca\/politica-de-cookies\/","og_site_name":"The Skeye","article_modified_time":"2019-12-10T12:54:44+00:00","twitter_card":"summary_large_image","twitter_misc":{"Temps estimat de lectura":"8 minuts"},"schema":{"@context":"https:\/\/schema.org","@graph":[{"@type":"WebPage","@id":"https:\/\/www.theskeye.com\/ca\/politica-de-cookies\/","url":"https:\/\/www.theskeye.com\/ca\/politica-de-cookies\/","name":"Pol\u00edtica de Cookies - The Skeye","isPartOf":{"@id":"https:\/\/www.theskeye.com\/#website"},"datePublished":"2019-11-07T15:24:35+00:00","dateModified":"2019-12-10T12:54:44+00:00","breadcrumb":{"@id":"https:\/\/www.theskeye.com\/ca\/politica-de-cookies\/#breadcrumb"},"inLanguage":"ca","potentialAction":[{"@type":"ReadAction","target":["https:\/\/www.theskeye.com\/ca\/politica-de-cookies\/"]}]},{"@type":"BreadcrumbList","@id":"https:\/\/www.theskeye.com\/ca\/politica-de-cookies\/#breadcrumb","itemListElement":[{"@type":"ListItem","position":1,"name":"Inicio","item":"https:\/\/www.theskeye.com\/ca\/homepage\/"},{"@type":"ListItem","position":2,"name":"Pol\u00edtica de Cookies"}]},{"@type":"WebSite","@id":"https:\/\/www.theskeye.com\/#website","url":"https:\/\/www.theskeye.com\/","name":"The Skeye","description":"Consultora boutique que ofrece servicio de alto valor a\u00f1adido vinculados a la direcci\u00f3n estrat\u00e9gica y la direcci\u00f3n de personas","potentialAction":[{"@type":"SearchAction","target":{"@type":"EntryPoint","urlTemplate":"https:\/\/www.theskeye.com\/?s={search_term_string}"},"query-input":{"@type":"PropertyValueSpecification","valueRequired":true,"valueName":"search_term_string"}}],"inLanguage":"ca"}]}},"_links":{"self":[{"href":"https:\/\/www.theskeye.com\/ca\/wp-json\/wp\/v2\/pages\/755"}],"collection":[{"href":"https:\/\/www.theskeye.com\/ca\/wp-json\/wp\/v2\/pages"}],"about":[{"href":"https:\/\/www.theskeye.com\/ca\/wp-json\/wp\/v2\/types\/page"}],"author":[{"embeddable":true,"href":"https:\/\/www.theskeye.com\/ca\/wp-json\/wp\/v2\/users\/11"}],"replies":[{"embeddable":true,"href":"https:\/\/www.theskeye.com\/ca\/wp-json\/wp\/v2\/comments?post=755"}],"version-history":[{"count":11,"href":"https:\/\/www.theskeye.com\/ca\/wp-json\/wp\/v2\/pages\/755\/revisions"}],"predecessor-version":[{"id":2954,"href":"https:\/\/www.theskeye.com\/ca\/wp-json\/wp\/v2\/pages\/755\/revisions\/2954"}],"wp:attachment":[{"href":"https:\/\/www.theskeye.com\/ca\/wp-json\/wp\/v2\/media?parent=755"}],"wp:term":[{"taxonomy":"category","embeddable":true,"href":"https:\/\/www.theskeye.com\/ca\/wp-json\/wp\/v2\/categories?post=755"},{"taxonomy":"post_tag","embeddable":true,"href":"https:\/\/www.theskeye.com\/ca\/wp-json\/wp\/v2\/tags?post=755"}],"curies":[{"name":"wp","href":"https:\/\/api.w.org\/{rel}","templated":true}]}}